{"id":6984,"date":"2025-05-06T15:22:11","date_gmt":"2025-05-06T15:22:11","guid":{"rendered":"https:\/\/td2qx0bqdpo.preview.infomaniak.website\/?page_id=6984"},"modified":"2025-05-06T15:37:07","modified_gmt":"2025-05-06T15:37:07","slug":"telechargements","status":"publish","type":"page","link":"https:\/\/anthurarium.com\/en\/telechargements\/","title":{"rendered":"Downloads"},"content":{"rendered":"<div data-elementor-type=\"wp-page\" data-elementor-id=\"6984\" class=\"elementor elementor-6984\" data-elementor-post-type=\"page\">\n\t\t\t\t<div class=\"elementor-element elementor-element-d43d218 e-con-full e-flex e-con e-parent\" data-id=\"d43d218\" data-element_type=\"container\" data-e-type=\"container\">\n\t\t\t\t<div class=\"elementor-element elementor-element-f1c8ee1 elementor-widget__width-inherit elementor-widget elementor-widget-html\" data-id=\"f1c8ee1\" data-element_type=\"widget\" data-e-type=\"widget\" data-widget_type=\"html.default\">\n\t\t\t\t<div class=\"elementor-widget-container\">\n\t\t\t\t\t<!-- Page d'attente pour les produits t\u00e9l\u00e9chargeables - Anthurarium -->\n<section style=\"background: url('https:\/\/anthurarium.com\/wp-content\/uploads\/2025\/04\/IMG_3000-3.jpg') center\/cover no-repeat; min-height: 100vh; display: flex; align-items: center; justify-content: center;\">\n  <div style=\"background-color: rgba(255,255,255,0.85); padding: 40px; border-radius: 24px; max-width: 600px; text-align: center; box-shadow: 0 10px 40px rgba(0,0,0,0.1);\">\n    <h1 style=\"font-size: 2.2rem; font-weight: bold; margin-bottom: 20px; color: #1C2133;\">\n      Une nouvelle feuille s'appr\u00eate \u00e0 \u00e9clore...\n    <\/h1>\n    <p style=\"font-size: 1.1rem; color: #3C5031; margin-bottom: 30px;\">\n      Ici, bient\u00f4t, pousseront des <strong>tr\u00e9sors num\u00e9riques<\/strong> issus de l\u2019Anthurarium.\n      <br><br>\n      Tutoriels exclusifs, guides d\u2019entretien\u2026\n      <br>\n      Tout ce qu\u2019il faut pour prolonger l\u2019exp\u00e9rience v\u00e9g\u00e9tale, m\u00eame hors sol.\n      <br><br>\n      \ud83c\udf31 Patience, les racines s\u2019installent.\n    <\/p>\n    <a href=\"\/en\/plantes\/\" style=\"display: inline-block; padding: 12px 24px; background-color: #1C2133; color: white; font-weight: bold; border-radius: 12px; text-decoration: none;\">\n      Explorer les plantes vivantes\n    <\/a>\n  <\/div>\n<\/section>\n\t\t\t\t<\/div>\n\t\t\t\t<\/div>\n\t\t\t\t<\/div>\n\t\t\t\t<\/div>","protected":false},"excerpt":{"rendered":"<p>Une nouvelle feuille s&#8217;appr\u00eate \u00e0 \u00e9clore&#8230; Ici, bient\u00f4t, pousseront des tr\u00e9sors num\u00e9riques issus de l\u2019Anthurarium. Tutoriels exclusifs, guides d\u2019entretien\u2026 Tout ce qu\u2019il faut pour prolonger l\u2019exp\u00e9rience v\u00e9g\u00e9tale, m\u00eame hors sol. \ud83c\udf31 Patience, les racines s\u2019installent. Explorer les plantes vivantes<\/p>","protected":false},"author":1,"featured_media":0,"parent":0,"menu_order":0,"comment_status":"closed","ping_status":"closed","template":"elementor_canvas","meta":{"site-sidebar-layout":"no-sidebar","site-content-layout":"page-builder","ast-site-content-layout":"full-width-container","site-content-style":"default","site-sidebar-style":"default","ast-global-header-display":"","ast-banner-title-visibility":"","ast-main-header-display":"","ast-hfb-above-header-display":"","ast-hfb-below-header-display":"","ast-hfb-mobile-header-display":"","site-post-title":"disabled","ast-breadcrumbs-content":"","ast-featured-img":"disabled","footer-sml-layout":"","theme-transparent-header-meta":"","adv-header-id-meta":"","stick-header-meta":"","header-above-stick-meta":"","header-main-stick-meta":"","header-below-stick-meta":"","astra-migrate-meta-layouts":"set","ast-page-background-enabled":"default","ast-page-background-meta":{"desktop":{"background-color":"","background-image":"","background-repeat":"repeat","background-position":"center center","background-size":"auto","background-attachment":"scroll","background-type":"","background-media":"","overlay-type":"","overlay-color":"","overlay-opacity":"","overlay-gradient":""},"tablet":{"background-color":"","background-image":"","background-repeat":"repeat","background-position":"center center","background-size":"auto","background-attachment":"scroll","background-type":"","background-media":"","overlay-type":"","overlay-color":"","overlay-opacity":"","overlay-gradient":""},"mobile":{"background-color":"","background-image":"","background-repeat":"repeat","background-position":"center center","background-size":"auto","background-attachment":"scroll","background-type":"","background-media":"","overlay-type":"","overlay-color":"","overlay-opacity":"","overlay-gradient":""}},"ast-content-background-meta":{"desktop":{"background-color":"var(--ast-global-color-5)","background-image":"","background-repeat":"repeat","background-position":"center center","background-size":"auto","background-attachment":"scroll","background-type":"","background-media":"","overlay-type":"","overlay-color":"","overlay-opacity":"","overlay-gradient":""},"tablet":{"background-color":"var(--ast-global-color-5)","background-image":"","background-repeat":"repeat","background-position":"center center","background-size":"auto","background-attachment":"scroll","background-type":"","background-media":"","overlay-type":"","overlay-color":"","overlay-opacity":"","overlay-gradient":""},"mobile":{"background-color":"var(--ast-global-color-5)","background-image":"","background-repeat":"repeat","background-position":"center center","background-size":"auto","background-attachment":"scroll","background-type":"","background-media":"","overlay-type":"","overlay-color":"","overlay-opacity":"","overlay-gradient":""}},"footnotes":""},"class_list":["post-6984","page","type-page","status-publish","hentry"],"jetpack_sharing_enabled":true,"_links":{"self":[{"href":"https:\/\/anthurarium.com\/en\/wp-json\/wp\/v2\/pages\/6984","targetHints":{"allow":["GET"]}}],"collection":[{"href":"https:\/\/anthurarium.com\/en\/wp-json\/wp\/v2\/pages"}],"about":[{"href":"https:\/\/anthurarium.com\/en\/wp-json\/wp\/v2\/types\/page"}],"author":[{"embeddable":true,"href":"https:\/\/anthurarium.com\/en\/wp-json\/wp\/v2\/users\/1"}],"replies":[{"embeddable":true,"href":"https:\/\/anthurarium.com\/en\/wp-json\/wp\/v2\/comments?post=6984"}],"version-history":[{"count":8,"href":"https:\/\/anthurarium.com\/en\/wp-json\/wp\/v2\/pages\/6984\/revisions"}],"predecessor-version":[{"id":6996,"href":"https:\/\/anthurarium.com\/en\/wp-json\/wp\/v2\/pages\/6984\/revisions\/6996"}],"wp:attachment":[{"href":"https:\/\/anthurarium.com\/en\/wp-json\/wp\/v2\/media?parent=6984"}],"curies":[{"name":"wp","href":"https:\/\/api.w.org\/{rel}","templated":true}]}}