{"id":6455,"date":"2025-04-28T15:32:10","date_gmt":"2025-04-28T15:32:10","guid":{"rendered":"https:\/\/td2qx0bqdpo.preview.infomaniak.website\/?page_id=6455"},"modified":"2025-09-20T20:19:43","modified_gmt":"2025-09-20T18:19:43","slug":"politique-de-confidentialite","status":"publish","type":"page","link":"https:\/\/anthurarium.com\/en\/politique-de-confidentialite\/","title":{"rendered":"Privacy policy"},"content":{"rendered":"<div data-elementor-type=\"wp-page\" data-elementor-id=\"6455\" class=\"elementor elementor-6455\" data-elementor-post-type=\"page\">\n\t\t\t\t<div class=\"elementor-element elementor-element-a8e8702 e-flex e-con-boxed e-con e-parent\" data-id=\"a8e8702\" data-element_type=\"container\" data-e-type=\"container\">\n\t\t\t\t\t<div class=\"e-con-inner\">\n\t\t\t\t<div class=\"elementor-element elementor-element-4f8ba1b elementor-widget elementor-widget-heading\" data-id=\"4f8ba1b\" data-element_type=\"widget\" data-e-type=\"widget\" data-widget_type=\"heading.default\">\n\t\t\t\t<div class=\"elementor-widget-container\">\n\t\t\t\t\t<h1 class=\"elementor-heading-title elementor-size-default\">Privacy policy<\/h1>\t\t\t\t<\/div>\n\t\t\t\t<\/div>\n\t\t\t\t<div class=\"elementor-element elementor-element-6cd8250 elementor-widget__width-initial elementor-widget-tablet__width-initial elementor-widget-mobile__width-initial elementor-widget elementor-widget-text-editor\" data-id=\"6cd8250\" data-element_type=\"widget\" data-e-type=\"widget\" data-widget_type=\"text-editor.default\">\n\t\t\t\t<div class=\"elementor-widget-container\">\n\t\t\t\t\t\t\t\t\t<hr class=\"\" \/><h3>\u00a0<\/h3><h3 class=\"\">Privacy policy<\/h3><p class=\"\"><span style=\"font-size: 10pt;\">This Privacy Policy describes how your personal information is collected, used, and shared when you visit Anthurarium.com or make a purchase there.<\/span><\/p><hr class=\"\" \/><h3>\u00a0<\/h3><h3 class=\"\"><span style=\"font-size: 10pt;\">Personal information collected<\/span><\/h3><p class=\"\"><span style=\"font-size: 10pt;\">Conform\u00e9ment \u00e0 la r\u00e9glementation RGPD, Anthurarium s&#8217;engage \u00e0 respecter la vie priv\u00e9e et \u00e0 prot\u00e9ger les donn\u00e9es \u00e0 caract\u00e8re personnel des clients et des visiteurs du site.<\/span><\/p><p class=\"\"><span style=\"font-size: 10pt;\">Lorsque vous commandez sur Anthurarium.com, nous recueillons uniquement certaines informations vous concernant, notamment votre nom, votre adresse de facturation, votre adresse d&#8217;exp\u00e9dition, votre adresse e-mail et votre num\u00e9ro de t\u00e9l\u00e9phone. Ces informations collect\u00e9es automatiquement sont d\u00e9sign\u00e9es par l\u2019appellation \u00ab Informations sur la commande \u00bb et ne seront utilis\u00e9es qu&#8217;\u00e0 ces fins-l\u00e0.<\/span><\/p><p class=\"\"><span style=\"font-size: 10pt;\">Banking information is processed and stored securely by external payment service providers.<\/span><\/p><hr class=\"\" \/><h3 class=\"\">\u00a0<\/h3><h3 class=\"\"><span style=\"font-size: 10pt; font-style: inherit;\">Sharing of your personal information<\/span><\/h3><p class=\"\"><span style=\"font-size: 10pt;\">We share your personal information with third parties who assist us in using it for the purposes described above.<\/span><\/p><hr class=\"\" \/><h3 class=\"\">\u00a0<\/h3><h3 class=\"\"><span style=\"font-size: 10pt;\">Your rights<\/span><\/h3><p class=\"\"><span style=\"font-size: 10pt;\">Si vous \u00eates r\u00e9sident(e) europ\u00e9en(ne), vous disposez d&#8217;un droit d&#8217;acc\u00e8s aux informations personnelles que nous d\u00e9tenons \u00e0 votre sujet et vous pouvez demander \u00e0 ce qu&#8217;elles soient corrig\u00e9es, mises \u00e0 jour ou supprim\u00e9es.<\/span><br \/><span style=\"font-size: 10pt;\">If you wish to exercise this right, please contact us using the contact details provided below.<\/span><\/p><p class=\"\"><span style=\"font-size: 10pt;\">Furthermore, if you are a European resident, please note that we process your information to fulfill our contractual obligations to you (for example, when you place an order on Anthurarium.com) or to pursue our legitimate business interests, as outlined above.<\/span><\/p><hr class=\"\" \/><h3 class=\"\">\u00a0<\/h3><h3 class=\"\"><span style=\"font-size: 10pt;\">Data retention<\/span><\/h3><p class=\"\"><span style=\"font-size: 10pt;\">Lorsque vous passez une commande par l&#8217;interm\u00e9diaire de Anthurarium.com, nous conservons les informations sur votre commande dans nos dossiers, sauf si et jusqu&#8217;\u00e0 ce que vous nous demandiez de les supprimer.<\/span><\/p><hr class=\"\" \/><h3 class=\"\">\u00a0<\/h3><h3 class=\"\"><span style=\"font-size: 10pt;\">Changes<\/span><\/h3><p class=\"\"><span style=\"font-size: 10pt;\">Nous pouvons \u00eatre amen\u00e9s \u00e0 modifier la pr\u00e9sente politique de confidentialit\u00e9 de temps \u00e0 autre afin d&#8217;y refl\u00e9ter, par exemple, les changements apport\u00e9s \u00e0 nos pratiques ou pour d&#8217;autres motifs op\u00e9rationnels, juridiques ou r\u00e9glementaires.<\/span><\/p><hr class=\"\" \/><h3 class=\"\">\u00a0<\/h3><h3 class=\"\"><span style=\"font-size: 10pt;\">Contact us<\/span><\/h3><p class=\"\"><span style=\"font-size: 10pt;\">Pour en savoir plus sur nos pratiques de confidentialit\u00e9, si vous avez des questions ou si vous souhaitez d\u00e9poser une r\u00e9clamation, veuillez nous contacter par e-mail \u00e0 l&#8217;adresse suivante :<\/span><br \/><span style=\"font-size: 10pt;\"><a rel=\"noopener\">contact@anthurarium.com<\/a><\/span><\/p><p class=\"\"><span style=\"font-size: 10pt;\"><a rel=\"noopener\">\u00a0<\/a><\/span><\/p><p class=\"\"><span style=\"font-size: 10pt;\"><a rel=\"noopener\">\u00a0<\/a><\/span><\/p><hr class=\"\" \/><p class=\"\">\u00a0<\/p>\t\t\t\t\t\t\t\t<\/div>\n\t\t\t\t<\/div>\n\t\t\t\t\t<\/div>\n\t\t\t\t<\/div>\n\t\t\t\t<\/div>","protected":false},"excerpt":{"rendered":"<p>Politique de confidentialit\u00e9 \u00a0 Politique de confidentialit\u00e9 La pr\u00e9sente Politique de confidentialit\u00e9 d\u00e9crit la fa\u00e7on dont vos informations personnelles sont recueillies, utilis\u00e9es et partag\u00e9es lorsque vous vous rendez sur Anthurarium.com ou que vous y effectuez un achat. \u00a0 Informations personnelles recueillies Conform\u00e9ment \u00e0 la r\u00e9glementation RGPD, Anthurarium s&#8217;engage \u00e0 respecter la vie priv\u00e9e et \u00e0 [&hellip;]<\/p>\n","protected":false},"author":1,"featured_media":0,"parent":0,"menu_order":0,"comment_status":"closed","ping_status":"closed","template":"","meta":{"site-sidebar-layout":"no-sidebar","site-content-layout":"page-builder","ast-site-content-layout":"full-width-container","site-content-style":"default","site-sidebar-style":"default","ast-global-header-display":"","ast-banner-title-visibility":"","ast-main-header-display":"","ast-hfb-above-header-display":"","ast-hfb-below-header-display":"","ast-hfb-mobile-header-display":"","site-post-title":"disabled","ast-breadcrumbs-content":"","ast-featured-img":"disabled","footer-sml-layout":"","theme-transparent-header-meta":"","adv-header-id-meta":"","stick-header-meta":"","header-above-stick-meta":"","header-main-stick-meta":"","header-below-stick-meta":"","astra-migrate-meta-layouts":"set","ast-page-background-enabled":"default","ast-page-background-meta":{"desktop":{"background-color":"","background-image":"","background-repeat":"repeat","background-position":"center center","background-size":"auto","background-attachment":"scroll","background-type":"","background-media":"","overlay-type":"","overlay-color":"","overlay-opacity":"","overlay-gradient":""},"tablet":{"background-color":"","background-image":"","background-repeat":"repeat","background-position":"center center","background-size":"auto","background-attachment":"scroll","background-type":"","background-media":"","overlay-type":"","overlay-color":"","overlay-opacity":"","overlay-gradient":""},"mobile":{"background-color":"","background-image":"","background-repeat":"repeat","background-position":"center center","background-size":"auto","background-attachment":"scroll","background-type":"","background-media":"","overlay-type":"","overlay-color":"","overlay-opacity":"","overlay-gradient":""}},"ast-content-background-meta":{"desktop":{"background-color":"var(--ast-global-color-5)","background-image":"","background-repeat":"repeat","background-position":"center center","background-size":"auto","background-attachment":"scroll","background-type":"","background-media":"","overlay-type":"","overlay-color":"","overlay-opacity":"","overlay-gradient":""},"tablet":{"background-color":"var(--ast-global-color-5)","background-image":"","background-repeat":"repeat","background-position":"center center","background-size":"auto","background-attachment":"scroll","background-type":"","background-media":"","overlay-type":"","overlay-color":"","overlay-opacity":"","overlay-gradient":""},"mobile":{"background-color":"var(--ast-global-color-5)","background-image":"","background-repeat":"repeat","background-position":"center center","background-size":"auto","background-attachment":"scroll","background-type":"","background-media":"","overlay-type":"","overlay-color":"","overlay-opacity":"","overlay-gradient":""}},"footnotes":""},"class_list":["post-6455","page","type-page","status-publish","hentry"],"jetpack_sharing_enabled":true,"_links":{"self":[{"href":"https:\/\/anthurarium.com\/en\/wp-json\/wp\/v2\/pages\/6455","targetHints":{"allow":["GET"]}}],"collection":[{"href":"https:\/\/anthurarium.com\/en\/wp-json\/wp\/v2\/pages"}],"about":[{"href":"https:\/\/anthurarium.com\/en\/wp-json\/wp\/v2\/types\/page"}],"author":[{"embeddable":true,"href":"https:\/\/anthurarium.com\/en\/wp-json\/wp\/v2\/users\/1"}],"replies":[{"embeddable":true,"href":"https:\/\/anthurarium.com\/en\/wp-json\/wp\/v2\/comments?post=6455"}],"version-history":[{"count":15,"href":"https:\/\/anthurarium.com\/en\/wp-json\/wp\/v2\/pages\/6455\/revisions"}],"predecessor-version":[{"id":21890,"href":"https:\/\/anthurarium.com\/en\/wp-json\/wp\/v2\/pages\/6455\/revisions\/21890"}],"wp:attachment":[{"href":"https:\/\/anthurarium.com\/en\/wp-json\/wp\/v2\/media?parent=6455"}],"curies":[{"name":"wp","href":"https:\/\/api.w.org\/{rel}","templated":true}]}}