{"id":21888,"date":"2026-04-10T16:30:54","date_gmt":"2026-04-10T14:30:54","guid":{"rendered":"https:\/\/anthurarium.com\/?page_id=21888"},"modified":"2026-04-10T16:33:29","modified_gmt":"2026-04-10T14:33:29","slug":"mentions-legales","status":"publish","type":"page","link":"https:\/\/anthurarium.com\/en\/mentions-legales\/","title":{"rendered":"Mentions l\u00e9gales"},"content":{"rendered":"<div data-elementor-type=\"wp-page\" data-elementor-id=\"21888\" class=\"elementor elementor-21888\" data-elementor-post-type=\"page\">\n\t\t\t\t<div class=\"elementor-element elementor-element-ffd9be6 e-flex e-con-boxed e-con e-parent\" data-id=\"ffd9be6\" data-element_type=\"container\" data-e-type=\"container\">\n\t\t\t\t\t<div class=\"e-con-inner\">\n\t\t\t\t<div class=\"elementor-element elementor-element-11462a7 elementor-widget elementor-widget-heading\" data-id=\"11462a7\" data-element_type=\"widget\" data-e-type=\"widget\" data-widget_type=\"heading.default\">\n\t\t\t\t<div class=\"elementor-widget-container\">\n\t\t\t\t\t<h1 class=\"elementor-heading-title elementor-size-default\"><span data-section-id=\"1kruoj9\" data-start=\"126\" data-end=\"145\" style=\"text-align: start;white-space: normal\">Mentions l\u00e9gales<\/span><\/h1>\t\t\t\t<\/div>\n\t\t\t\t<\/div>\n\t\t\t\t<div class=\"elementor-element elementor-element-c65eb85 elementor-widget__width-initial elementor-widget-tablet__width-initial elementor-widget-mobile__width-initial elementor-widget elementor-widget-text-editor\" data-id=\"c65eb85\" data-element_type=\"widget\" data-e-type=\"widget\" data-widget_type=\"text-editor.default\">\n\t\t\t\t<div class=\"elementor-widget-container\">\n\t\t\t\t\t\t\t\t\t<h3 data-section-id=\"x51bap\" data-start=\"147\" data-end=\"171\">&nbsp;<\/h3>\n<h3 style=\"font-style: normal; text-align: start;\" data-section-id=\"x51bap\" data-start=\"147\" data-end=\"171\">1. \u00c9diteur du site<\/h3>\n<p style=\"font-style: normal; text-align: start;\" data-start=\"172\" data-end=\"242\">Le pr\u00e9sent site, accessible \u00e0 l\u2019adresse <a href=\"https:\/\/anthurarium.com\/en\/\">https:\/\/anthurarium.com\/<\/a>, est \u00e9dit\u00e9 par :<\/p>\n<p style=\"font-style: normal; text-align: start;\" data-start=\"244\" data-end=\"454\">H.C.H.BOTANICA<br data-start=\"263\" data-end=\"266\">Soci\u00e9t\u00e9 par actions simplifi\u00e9e au capital de 1000,00 \u20ac<br data-start=\"320\" data-end=\"323\">Immatricul\u00e9e au Registre du Commerce et des Soci\u00e9t\u00e9s de Paris sous le num\u00e9ro 101 770 386<\/p>\n<p style=\"font-style: normal; text-align: start;\" data-start=\"244\" data-end=\"454\">Num\u00e9ro de TVA intracommunautaire : non applicable (article 293 B du CGI)<\/p>\n<p style=\"font-style: normal; text-align: start;\" data-start=\"456\" data-end=\"493\">Si\u00e8ge social : 73-75 rue de la Plaine 75020 Paris<\/p>\n<p style=\"font-style: normal; text-align: start;\" data-start=\"495\" data-end=\"532\">Adresse e-mail : <span style=\"font-size: 10pt;\"><a rel=\"noopener\">contact@anthurarium.com<\/a><\/span><\/p>\n<p style=\"font-style: normal; text-align: start;\" data-start=\"534\" data-end=\"596\">Directeur de la publication : Alloueche Chahrazade<\/p>\n<h3 data-section-id=\"16f8m2m\" data-start=\"603\" data-end=\"623\">&nbsp;<\/h3>\n<h3 style=\"font-style: normal; text-align: start;\" data-section-id=\"16f8m2m\" data-start=\"603\" data-end=\"623\">2. H\u00e9bergement<\/h3>\n<p style=\"font-style: normal; text-align: start;\" data-start=\"624\" data-end=\"649\">Le site est h\u00e9berg\u00e9 par :<\/p>\n<p style=\"font-style: normal; text-align: start;\" data-start=\"651\" data-end=\"736\">Infomaniak Network SA<br data-start=\"672\" data-end=\"675\">Rue Eug\u00e8ne-Marziano 25<br data-start=\"697\" data-end=\"700\">1227 Les Acacias (Gen\u00e8ve)<br data-start=\"725\" data-end=\"728\">Suisse<\/p>\n<p style=\"font-style: normal; text-align: start;\" data-start=\"738\" data-end=\"777\">Site web :&nbsp;<a href=\"https:\/\/www.infomaniak.com\/\" target=\"_new\" rel=\"noopener\" data-start=\"749\" data-end=\"775\">https:\/\/www.infomaniak.com<\/a><\/p>\n<h3 data-section-id=\"6yrbiw\" data-start=\"784\" data-end=\"817\">&nbsp;<\/h3>\n<h3 style=\"font-style: normal; text-align: start;\" data-section-id=\"6yrbiw\" data-start=\"784\" data-end=\"817\">3. Propri\u00e9t\u00e9 intellectuelle<\/h3>\n<p style=\"font-style: normal; text-align: start;\" data-start=\"818\" data-end=\"988\">L\u2019ensemble des \u00e9l\u00e9ments pr\u00e9sents sur le site (textes, images, graphismes, logo, vid\u00e9os, etc.) est la propri\u00e9t\u00e9 exclusive de H.C.H.BOTANICA, sauf mention contraire.<\/p>\n<p style=\"font-style: normal; text-align: start;\" data-start=\"990\" data-end=\"1153\">Toute reproduction, repr\u00e9sentation, modification, publication ou adaptation, totale ou partielle, de ces \u00e9l\u00e9ments est interdite sans autorisation \u00e9crite pr\u00e9alable.<\/p>\n<h3 data-section-id=\"1pdyx48\" data-start=\"1160\" data-end=\"1183\">&nbsp;<\/h3>\n<h3 style=\"font-style: normal; text-align: start;\" data-section-id=\"1pdyx48\" data-start=\"1160\" data-end=\"1183\">4. Responsabilit\u00e9<\/h3>\n<p style=\"font-style: normal; text-align: start;\" data-start=\"1184\" data-end=\"1414\">La soci\u00e9t\u00e9 H.C.H.BOTANICA s\u2019efforce de fournir des informations aussi pr\u00e9cises que possible sur le site. Toutefois, elle ne pourra \u00eatre tenue responsable des omissions, des inexactitudes ou des carences dans la mise \u00e0 jour.<\/p>\n<p style=\"font-style: normal; text-align: start;\" data-start=\"1416\" data-end=\"1507\">L\u2019utilisateur du site reconna\u00eet utiliser ces informations sous sa responsabilit\u00e9 exclusive.<\/p>\n<h3 data-section-id=\"zj8v7l\" data-start=\"1514\" data-end=\"1543\">&nbsp;<\/h3>\n<h3 style=\"font-style: normal; text-align: start;\" data-section-id=\"zj8v7l\" data-start=\"1514\" data-end=\"1543\">5. Donn\u00e9es personnelles<\/h3>\n<p style=\"font-style: normal; text-align: start;\" data-start=\"1544\" data-end=\"1701\">Les informations collect\u00e9es sur le site sont trait\u00e9es conform\u00e9ment \u00e0 la r\u00e9glementation en vigueur relative \u00e0 la protection des donn\u00e9es personnelles (RGPD).<\/p>\n<p style=\"font-style: normal; text-align: start;\" data-start=\"1703\" data-end=\"1901\">Pour en savoir plus sur la gestion de vos donn\u00e9es et vos droits, veuillez consulter notre politique de confidentialit\u00e9 accessible \u00e0 l\u2019adresse suivante : <a href=\"https:\/\/anthurarium.com\/en\/politique-de-confidentialite\/\">https:\/\/anthurarium.com\/politique-de-confidentialite\/<\/a><\/p>\n<h3 data-section-id=\"jkcp5\" data-start=\"1908\" data-end=\"1924\">&nbsp;<\/h3>\n<h3 style=\"font-style: normal; text-align: start;\" data-section-id=\"jkcp5\" data-start=\"1908\" data-end=\"1924\">6. Cookies<\/h3>\n<p style=\"font-style: normal; text-align: start;\" data-start=\"1925\" data-end=\"2025\">Le site peut utiliser des cookies afin d\u2019am\u00e9liorer l\u2019exp\u00e9rience utilisateur et mesurer l\u2019audience.<\/p>\n<p style=\"font-style: normal; text-align: start;\" data-start=\"2027\" data-end=\"2111\">L\u2019utilisateur peut \u00e0 tout moment configurer son navigateur pour refuser les cookies.<\/p>\n<h3 data-section-id=\"11rds0m\" data-start=\"2118\" data-end=\"2143\">&nbsp;<\/h3>\n<h3 style=\"font-style: normal; text-align: start;\" data-section-id=\"11rds0m\" data-start=\"2118\" data-end=\"2143\">7. Droit applicable<\/h3>\n<p style=\"font-style: normal; text-align: start;\" data-start=\"2144\" data-end=\"2209\">Les pr\u00e9sentes mentions l\u00e9gales sont soumises au droit fran\u00e7ais.<\/p>\n<p><strong><span style=\"font-size: 12pt; text-align: start;\">En cas de litige, et \u00e0 d\u00e9faut de r\u00e9solution amiable, les tribunaux fran\u00e7ais seront seuls comp\u00e9tents.<\/span><\/strong><\/p>\n<h3>&nbsp;<\/h3>\n<h3>&nbsp;<\/h3>\t\t\t\t\t\t\t\t<\/div>\n\t\t\t\t<\/div>\n\t\t\t\t\t<\/div>\n\t\t\t\t<\/div>\n\t\t\t\t<\/div>","protected":false},"excerpt":{"rendered":"<p>Mentions l\u00e9gales &nbsp; 1. \u00c9diteur du site Le pr\u00e9sent site, accessible \u00e0 l\u2019adresse https:\/\/anthurarium.com\/, est \u00e9dit\u00e9 par : H.C.H.BOTANICASoci\u00e9t\u00e9 par actions simplifi\u00e9e au capital de 1000,00 \u20acImmatricul\u00e9e au Registre du Commerce et des Soci\u00e9t\u00e9s de Paris sous le num\u00e9ro 101 770 386 Num\u00e9ro de TVA intracommunautaire : non applicable (article 293 B du CGI) Si\u00e8ge [&hellip;]<\/p>\n","protected":false},"author":1,"featured_media":0,"parent":0,"menu_order":0,"comment_status":"closed","ping_status":"closed","template":"","meta":{"site-sidebar-layout":"no-sidebar","site-content-layout":"page-builder","ast-site-content-layout":"full-width-container","site-content-style":"default","site-sidebar-style":"default","ast-global-header-display":"","ast-banner-title-visibility":"","ast-main-header-display":"","ast-hfb-above-header-display":"","ast-hfb-below-header-display":"","ast-hfb-mobile-header-display":"","site-post-title":"disabled","ast-breadcrumbs-content":"","ast-featured-img":"disabled","footer-sml-layout":"","theme-transparent-header-meta":"","adv-header-id-meta":"","stick-header-meta":"","header-above-stick-meta":"","header-main-stick-meta":"","header-below-stick-meta":"","astra-migrate-meta-layouts":"set","ast-page-background-enabled":"default","ast-page-background-meta":{"desktop":{"background-color":"","background-image":"","background-repeat":"repeat","background-position":"center center","background-size":"auto","background-attachment":"scroll","background-type":"","background-media":"","overlay-type":"","overlay-color":"","overlay-opacity":"","overlay-gradient":""},"tablet":{"background-color":"","background-image":"","background-repeat":"repeat","background-position":"center center","background-size":"auto","background-attachment":"scroll","background-type":"","background-media":"","overlay-type":"","overlay-color":"","overlay-opacity":"","overlay-gradient":""},"mobile":{"background-color":"","background-image":"","background-repeat":"repeat","background-position":"center center","background-size":"auto","background-attachment":"scroll","background-type":"","background-media":"","overlay-type":"","overlay-color":"","overlay-opacity":"","overlay-gradient":""}},"ast-content-background-meta":{"desktop":{"background-color":"var(--ast-global-color-5)","background-image":"","background-repeat":"repeat","background-position":"center center","background-size":"auto","background-attachment":"scroll","background-type":"","background-media":"","overlay-type":"","overlay-color":"","overlay-opacity":"","overlay-gradient":""},"tablet":{"background-color":"var(--ast-global-color-5)","background-image":"","background-repeat":"repeat","background-position":"center center","background-size":"auto","background-attachment":"scroll","background-type":"","background-media":"","overlay-type":"","overlay-color":"","overlay-opacity":"","overlay-gradient":""},"mobile":{"background-color":"var(--ast-global-color-5)","background-image":"","background-repeat":"repeat","background-position":"center center","background-size":"auto","background-attachment":"scroll","background-type":"","background-media":"","overlay-type":"","overlay-color":"","overlay-opacity":"","overlay-gradient":""}},"footnotes":""},"class_list":["post-21888","page","type-page","status-publish","hentry"],"jetpack_sharing_enabled":true,"_links":{"self":[{"href":"https:\/\/anthurarium.com\/en\/wp-json\/wp\/v2\/pages\/21888","targetHints":{"allow":["GET"]}}],"collection":[{"href":"https:\/\/anthurarium.com\/en\/wp-json\/wp\/v2\/pages"}],"about":[{"href":"https:\/\/anthurarium.com\/en\/wp-json\/wp\/v2\/types\/page"}],"author":[{"embeddable":true,"href":"https:\/\/anthurarium.com\/en\/wp-json\/wp\/v2\/users\/1"}],"replies":[{"embeddable":true,"href":"https:\/\/anthurarium.com\/en\/wp-json\/wp\/v2\/comments?post=21888"}],"version-history":[{"count":16,"href":"https:\/\/anthurarium.com\/en\/wp-json\/wp\/v2\/pages\/21888\/revisions"}],"predecessor-version":[{"id":21905,"href":"https:\/\/anthurarium.com\/en\/wp-json\/wp\/v2\/pages\/21888\/revisions\/21905"}],"wp:attachment":[{"href":"https:\/\/anthurarium.com\/en\/wp-json\/wp\/v2\/media?parent=21888"}],"curies":[{"name":"wp","href":"https:\/\/api.w.org\/{rel}","templated":true}]}}