{"id":18744,"date":"2025-09-20T15:31:07","date_gmt":"2025-09-20T13:31:07","guid":{"rendered":"https:\/\/anthurarium.com\/?page_id=18744"},"modified":"2025-09-20T15:35:45","modified_gmt":"2025-09-20T13:35:45","slug":"elementor-18744","status":"publish","type":"page","link":"https:\/\/anthurarium.com\/en\/elementor-18744\/","title":{"rendered":"Page de r\u00e9engagement"},"content":{"rendered":"<div data-elementor-type=\"wp-page\" data-elementor-id=\"18744\" class=\"elementor elementor-18744\" data-elementor-post-type=\"page\">\n\t\t\t\t<div class=\"elementor-element elementor-element-2ce3f6e e-flex e-con-boxed e-con e-parent\" data-id=\"2ce3f6e\" data-element_type=\"container\" data-e-type=\"container\">\n\t\t\t\t\t<div class=\"e-con-inner\">\n\t\t\t\t<div class=\"elementor-element elementor-element-a5b9101 elementor-widget elementor-widget-html\" data-id=\"a5b9101\" data-element_type=\"widget\" data-e-type=\"widget\" data-widget_type=\"html.default\">\n\t\t\t\t<div class=\"elementor-widget-container\">\n\t\t\t\t\t<div class=\"mailpoet-unsubscribe-wrapper\">\n  <p class=\"unsubscribe-title\">Thank you for staying with us \ud83c\udf3f<\/p>\n  <p class=\"unsubscribe-text\">\n    Your journey with the Anthurarium continues\u2026 beautiful surprises await you very soon!\n  <\/p>\n\n  <a href=\"\/en\/\" class=\"unsubscribe-button\">Back to Homepage<\/a>\n<\/div>\n\t\t\t\t<\/div>\n\t\t\t\t<\/div>\n\t\t\t\t\t<\/div>\n\t\t\t\t<\/div>\n\t\t\t\t<\/div>","protected":false},"excerpt":{"rendered":"<p>Merci de rester \u00e0 nos c\u00f4t\u00e9s \ud83c\udf3f Votre aventure avec l\u2019Anthurarium continue\u2026 de belles surprises vous attendent tr\u00e8s bient\u00f4t ! Retour \u00e0 l\u2019accueil<\/p>","protected":false},"author":1,"featured_media":0,"parent":0,"menu_order":0,"comment_status":"closed","ping_status":"closed","template":"","meta":{"site-sidebar-layout":"no-sidebar","site-content-layout":"page-builder","ast-site-content-layout":"full-width-container","site-content-style":"default","site-sidebar-style":"default","ast-global-header-display":"","ast-banner-title-visibility":"","ast-main-header-display":"","ast-hfb-above-header-display":"","ast-hfb-below-header-display":"","ast-hfb-mobile-header-display":"","site-post-title":"disabled","ast-breadcrumbs-content":"","ast-featured-img":"disabled","footer-sml-layout":"","theme-transparent-header-meta":"","adv-header-id-meta":"","stick-header-meta":"","header-above-stick-meta":"","header-main-stick-meta":"","header-below-stick-meta":"","astra-migrate-meta-layouts":"set","ast-page-background-enabled":"default","ast-page-background-meta":{"desktop":{"background-color":"","background-image":"","background-repeat":"repeat","background-position":"center center","background-size":"auto","background-attachment":"scroll","background-type":"","background-media":"","overlay-type":"","overlay-color":"","overlay-opacity":"","overlay-gradient":""},"tablet":{"background-color":"","background-image":"","background-repeat":"repeat","background-position":"center center","background-size":"auto","background-attachment":"scroll","background-type":"","background-media":"","overlay-type":"","overlay-color":"","overlay-opacity":"","overlay-gradient":""},"mobile":{"background-color":"","background-image":"","background-repeat":"repeat","background-position":"center center","background-size":"auto","background-attachment":"scroll","background-type":"","background-media":"","overlay-type":"","overlay-color":"","overlay-opacity":"","overlay-gradient":""}},"ast-content-background-meta":{"desktop":{"background-color":"var(--ast-global-color-5)","background-image":"","background-repeat":"repeat","background-position":"center center","background-size":"auto","background-attachment":"scroll","background-type":"","background-media":"","overlay-type":"","overlay-color":"","overlay-opacity":"","overlay-gradient":""},"tablet":{"background-color":"var(--ast-global-color-5)","background-image":"","background-repeat":"repeat","background-position":"center center","background-size":"auto","background-attachment":"scroll","background-type":"","background-media":"","overlay-type":"","overlay-color":"","overlay-opacity":"","overlay-gradient":""},"mobile":{"background-color":"var(--ast-global-color-5)","background-image":"","background-repeat":"repeat","background-position":"center center","background-size":"auto","background-attachment":"scroll","background-type":"","background-media":"","overlay-type":"","overlay-color":"","overlay-opacity":"","overlay-gradient":""}},"footnotes":""},"class_list":["post-18744","page","type-page","status-publish","hentry"],"jetpack_sharing_enabled":true,"_links":{"self":[{"href":"https:\/\/anthurarium.com\/en\/wp-json\/wp\/v2\/pages\/18744","targetHints":{"allow":["GET"]}}],"collection":[{"href":"https:\/\/anthurarium.com\/en\/wp-json\/wp\/v2\/pages"}],"about":[{"href":"https:\/\/anthurarium.com\/en\/wp-json\/wp\/v2\/types\/page"}],"author":[{"embeddable":true,"href":"https:\/\/anthurarium.com\/en\/wp-json\/wp\/v2\/users\/1"}],"replies":[{"embeddable":true,"href":"https:\/\/anthurarium.com\/en\/wp-json\/wp\/v2\/comments?post=18744"}],"version-history":[{"count":7,"href":"https:\/\/anthurarium.com\/en\/wp-json\/wp\/v2\/pages\/18744\/revisions"}],"predecessor-version":[{"id":18757,"href":"https:\/\/anthurarium.com\/en\/wp-json\/wp\/v2\/pages\/18744\/revisions\/18757"}],"wp:attachment":[{"href":"https:\/\/anthurarium.com\/en\/wp-json\/wp\/v2\/media?parent=18744"}],"curies":[{"name":"wp","href":"https:\/\/api.w.org\/{rel}","templated":true}]}}