{"id":16798,"date":"2025-07-31T10:31:37","date_gmt":"2025-07-31T10:31:37","guid":{"rendered":"https:\/\/anthurarium.com\/?page_id=16798"},"modified":"2025-09-20T15:18:43","modified_gmt":"2025-09-20T13:18:43","slug":"elementor-16798","status":"publish","type":"page","link":"https:\/\/anthurarium.com\/en\/elementor-16798\/","title":{"rendered":"Confirmation de d\u00e9sabonnement"},"content":{"rendered":"<div data-elementor-type=\"wp-page\" data-elementor-id=\"16798\" class=\"elementor elementor-16798\" data-elementor-post-type=\"page\">\n\t\t\t\t<div class=\"elementor-element elementor-element-0cdaabe e-flex e-con-boxed e-con e-parent\" data-id=\"0cdaabe\" data-element_type=\"container\" data-e-type=\"container\">\n\t\t\t\t\t<div class=\"e-con-inner\">\n\t\t\t\t<div class=\"elementor-element elementor-element-b644d28 elementor-widget elementor-widget-shortcode\" data-id=\"b644d28\" data-element_type=\"widget\" data-e-type=\"widget\" data-widget_type=\"shortcode.default\">\n\t\t\t\t<div class=\"elementor-widget-container\">\n\t\t\t\t\t\t\t<div class=\"elementor-shortcode\"><div class=\"mailpoet-unsubscribe-wrapper\">\n  <p class=\"unsubscribe-title\">You are unsubscribed \ud83c\udf3f<\/p>\n  <p class=\"unsubscribe-text\">\n    It\u2019s always a little sad to see you leave\u2026\n    But the door will forever remain open if you wish to return to the Anthurarium.\n  <\/p>\n\n  <div class=\"mailpoet-message\">\n    Link to subscription management page is only available to mailing lists subscribers.\n  <\/div>\n\n  <a href=\"\/en\/\" class=\"unsubscribe-button\">Back to Homepage<\/a>\n<\/div>\n\n<\/div>\n\t\t\t\t\t\t<\/div>\n\t\t\t\t<\/div>\n\t\t\t\t\t<\/div>\n\t\t\t\t<\/div>\n\t\t\t\t<\/div>","protected":false},"excerpt":{"rendered":"<p>Vous \u00eates d\u00e9sabonn\u00e9(e) \ud83c\udf3f C\u2019est toujours un peu triste de vous voir partir\u2026 Mais la porte reste grande ouverte si vous souhaitez revenir \u00e0 l\u2019Anthurarium. Retour \u00e0 l\u2019accueil<\/p>","protected":false},"author":1,"featured_media":0,"parent":0,"menu_order":0,"comment_status":"closed","ping_status":"closed","template":"","meta":{"site-sidebar-layout":"no-sidebar","site-content-layout":"page-builder","ast-site-content-layout":"full-width-container","site-content-style":"default","site-sidebar-style":"default","ast-global-header-display":"","ast-banner-title-visibility":"","ast-main-header-display":"","ast-hfb-above-header-display":"","ast-hfb-below-header-display":"","ast-hfb-mobile-header-display":"","site-post-title":"disabled","ast-breadcrumbs-content":"","ast-featured-img":"disabled","footer-sml-layout":"","theme-transparent-header-meta":"","adv-header-id-meta":"","stick-header-meta":"","header-above-stick-meta":"","header-main-stick-meta":"","header-below-stick-meta":"","astra-migrate-meta-layouts":"set","ast-page-background-enabled":"default","ast-page-background-meta":{"desktop":{"background-color":"","background-image":"","background-repeat":"repeat","background-position":"center center","background-size":"auto","background-attachment":"scroll","background-type":"","background-media":"","overlay-type":"","overlay-color":"","overlay-opacity":"","overlay-gradient":""},"tablet":{"background-color":"","background-image":"","background-repeat":"repeat","background-position":"center center","background-size":"auto","background-attachment":"scroll","background-type":"","background-media":"","overlay-type":"","overlay-color":"","overlay-opacity":"","overlay-gradient":""},"mobile":{"background-color":"","background-image":"","background-repeat":"repeat","background-position":"center center","background-size":"auto","background-attachment":"scroll","background-type":"","background-media":"","overlay-type":"","overlay-color":"","overlay-opacity":"","overlay-gradient":""}},"ast-content-background-meta":{"desktop":{"background-color":"var(--ast-global-color-5)","background-image":"","background-repeat":"repeat","background-position":"center center","background-size":"auto","background-attachment":"scroll","background-type":"","background-media":"","overlay-type":"","overlay-color":"","overlay-opacity":"","overlay-gradient":""},"tablet":{"background-color":"var(--ast-global-color-5)","background-image":"","background-repeat":"repeat","background-position":"center center","background-size":"auto","background-attachment":"scroll","background-type":"","background-media":"","overlay-type":"","overlay-color":"","overlay-opacity":"","overlay-gradient":""},"mobile":{"background-color":"var(--ast-global-color-5)","background-image":"","background-repeat":"repeat","background-position":"center center","background-size":"auto","background-attachment":"scroll","background-type":"","background-media":"","overlay-type":"","overlay-color":"","overlay-opacity":"","overlay-gradient":""}},"footnotes":""},"class_list":["post-16798","page","type-page","status-publish","hentry"],"jetpack_sharing_enabled":true,"_links":{"self":[{"href":"https:\/\/anthurarium.com\/en\/wp-json\/wp\/v2\/pages\/16798","targetHints":{"allow":["GET"]}}],"collection":[{"href":"https:\/\/anthurarium.com\/en\/wp-json\/wp\/v2\/pages"}],"about":[{"href":"https:\/\/anthurarium.com\/en\/wp-json\/wp\/v2\/types\/page"}],"author":[{"embeddable":true,"href":"https:\/\/anthurarium.com\/en\/wp-json\/wp\/v2\/users\/1"}],"replies":[{"embeddable":true,"href":"https:\/\/anthurarium.com\/en\/wp-json\/wp\/v2\/comments?post=16798"}],"version-history":[{"count":23,"href":"https:\/\/anthurarium.com\/en\/wp-json\/wp\/v2\/pages\/16798\/revisions"}],"predecessor-version":[{"id":18741,"href":"https:\/\/anthurarium.com\/en\/wp-json\/wp\/v2\/pages\/16798\/revisions\/18741"}],"wp:attachment":[{"href":"https:\/\/anthurarium.com\/en\/wp-json\/wp\/v2\/media?parent=16798"}],"curies":[{"name":"wp","href":"https:\/\/api.w.org\/{rel}","templated":true}]}}